{"id":6860,"date":"2025-03-25T01:42:09","date_gmt":"2025-03-25T01:42:09","guid":{"rendered":"https:\/\/mltarquitectura.com\/?page_id=6860"},"modified":"2025-04-02T06:10:11","modified_gmt":"2025-04-02T06:10:11","slug":"nosotros","status":"publish","type":"page","link":"https:\/\/mltarquitectura.com\/en\/nosotros\/","title":{"rendered":"About us"},"content":{"rendered":"<div data-elementor-type=\"wp-page\" data-elementor-id=\"6860\" class=\"elementor elementor-6860\">\n\t\t\t\t<div class=\"elementor-element elementor-element-401dab2 e-con-full e-flex e-con e-parent\" data-id=\"401dab2\" data-element_type=\"container\" data-e-type=\"container\" data-settings=\"{&quot;background_background&quot;:&quot;slideshow&quot;,&quot;background_slideshow_gallery&quot;:[{&quot;id&quot;:6862,&quot;url&quot;:&quot;https:\\\/\\\/mltarquitectura.com\\\/wp-content\\\/uploads\\\/2025\\\/03\\\/Mentalhealth-50-1-scaled-e1742867038618.jpg&quot;}],&quot;background_slideshow_loop&quot;:&quot;yes&quot;,&quot;background_slideshow_slide_duration&quot;:5000,&quot;background_slideshow_slide_transition&quot;:&quot;fade&quot;,&quot;background_slideshow_transition_duration&quot;:500}\">\n\t\t\t\t<div class=\"elementor-element elementor-element-cc3b982 elementor-widget elementor-widget-heading\" data-id=\"cc3b982\" data-element_type=\"widget\" data-e-type=\"widget\" data-widget_type=\"heading.default\">\n\t\t\t\t<div class=\"elementor-widget-container\">\n\t\t\t\t\t<h2 class=\"elementor-heading-title elementor-size-default\">ABOUT US<\/h2>\t\t\t\t<\/div>\n\t\t\t\t<\/div>\n\t\t\t\t<\/div>\n\t\t<div class=\"elementor-element elementor-element-09c914a e-flex e-con-boxed e-con e-parent\" data-id=\"09c914a\" data-element_type=\"container\" data-e-type=\"container\">\n\t\t\t\t\t<div class=\"e-con-inner\">\n\t\t<div class=\"elementor-element elementor-element-6ac40f1 e-con-full e-flex e-con e-child\" data-id=\"6ac40f1\" data-element_type=\"container\" data-e-type=\"container\">\n\t\t\t\t<div class=\"elementor-element elementor-element-f42bcf4 elementor-widget elementor-widget-heading\" data-id=\"f42bcf4\" data-element_type=\"widget\" data-e-type=\"widget\" data-widget_type=\"heading.default\">\n\t\t\t\t<div class=\"elementor-widget-container\">\n\t\t\t\t\t<h2 class=\"elementor-heading-title elementor-size-default\">We are an architecture and interior design studio based in Medell\u00edn and the Eastern Antioquia region. MLT was founded in 2020 with the purpose of transforming healthcare spaces into more pleasant and welcoming environments for users and medical staff. Due to the positive reception from users, we had the opportunity to expand into other sectors such as residential and commercial, taking on the challenge of making these spaces unique, profitable, and compatible with the needs of those who inhabit them.<\/h2>\t\t\t\t<\/div>\n\t\t\t\t<\/div>\n\t\t\t\t<\/div>\n\t\t<div class=\"elementor-element elementor-element-80af67c e-con-full e-flex e-con e-child\" data-id=\"80af67c\" data-element_type=\"container\" data-e-type=\"container\">\n\t\t\t\t<div class=\"elementor-element elementor-element-bb570f5 elementor-widget elementor-widget-spacer\" data-id=\"bb570f5\" data-element_type=\"widget\" data-e-type=\"widget\" data-widget_type=\"spacer.default\">\n\t\t\t\t<div class=\"elementor-widget-container\">\n\t\t\t\t\t\t\t<div class=\"elementor-spacer\">\n\t\t\t<div class=\"elementor-spacer-inner\"><\/div>\n\t\t<\/div>\n\t\t\t\t\t\t<\/div>\n\t\t\t\t<\/div>\n\t\t\t\t<div class=\"elementor-element elementor-element-1afbc8f elementor-widget elementor-widget-image\" data-id=\"1afbc8f\" data-element_type=\"widget\" data-e-type=\"widget\" data-widget_type=\"image.default\">\n\t\t\t\t<div class=\"elementor-widget-container\">\n\t\t\t\t\t\t\t\t\t\t\t\t\t\t\t<img fetchpriority=\"high\" decoding=\"async\" width=\"705\" height=\"1024\" src=\"https:\/\/mltarquitectura.com\/wp-content\/uploads\/2025\/03\/Equipo-705x1024.jpg\" class=\"attachment-large size-large wp-image-6866\" alt=\"\" srcset=\"https:\/\/mltarquitectura.com\/wp-content\/uploads\/2025\/03\/Equipo-705x1024.jpg 705w, https:\/\/mltarquitectura.com\/wp-content\/uploads\/2025\/03\/Equipo-206x300.jpg 206w, https:\/\/mltarquitectura.com\/wp-content\/uploads\/2025\/03\/Equipo-2000x2906.jpg 2000w, https:\/\/mltarquitectura.com\/wp-content\/uploads\/2025\/03\/Equipo-scaled-8x12.jpg 8w, https:\/\/mltarquitectura.com\/wp-content\/uploads\/2025\/03\/Equipo-scaled-1057x1536.jpg 1057w, https:\/\/mltarquitectura.com\/wp-content\/uploads\/2025\/03\/Equipo-scaled-1410x2048.jpg 1410w, https:\/\/mltarquitectura.com\/wp-content\/uploads\/2025\/03\/Equipo-scaled-600x872.jpg 600w, https:\/\/mltarquitectura.com\/wp-content\/uploads\/2025\/03\/Equipo-scaled-1200x1743.jpg 1200w, https:\/\/mltarquitectura.com\/wp-content\/uploads\/2025\/03\/Equipo-scaled.jpg 1762w\" sizes=\"100vw\" \/>\t\t\t\t\t\t\t\t\t\t\t\t\t\t\t<\/div>\n\t\t\t\t<\/div>\n\t\t\t\t<\/div>\n\t\t\t\t\t<\/div>\n\t\t\t\t<\/div>\n\t\t<div class=\"elementor-element elementor-element-1ad7d54 e-flex e-con-boxed e-con e-parent\" data-id=\"1ad7d54\" data-element_type=\"container\" data-e-type=\"container\">\n\t\t\t\t\t<div class=\"e-con-inner\">\n\t\t\t\t<div class=\"elementor-element elementor-element-4af8715 elementor-widget elementor-widget-wpzoom-elementor-addons-team-members\" data-id=\"4af8715\" data-element_type=\"widget\" data-e-type=\"widget\" data-widget_type=\"wpzoom-elementor-addons-team-members.default\">\n\t\t\t\t<div class=\"elementor-widget-container\">\n\t\t\t\t\t\n\t\t\t\t\t<figure class=\"wpz-member-figure\">\n\t\t\t\t<img decoding=\"async\" width=\"683\" height=\"1024\" src=\"https:\/\/mltarquitectura.com\/wp-content\/uploads\/2025\/03\/foto-302-683x1024.jpg\" class=\"elementor-animation-disable-animation attachment-large size-large wp-image-6870\" alt=\"\" srcset=\"https:\/\/mltarquitectura.com\/wp-content\/uploads\/2025\/03\/foto-302-683x1024.jpg 683w, https:\/\/mltarquitectura.com\/wp-content\/uploads\/2025\/03\/foto-302-200x300.jpg 200w, https:\/\/mltarquitectura.com\/wp-content\/uploads\/2025\/03\/foto-302-2000x3000.jpg 2000w, https:\/\/mltarquitectura.com\/wp-content\/uploads\/2025\/03\/foto-302-scaled-8x12.jpg 8w, https:\/\/mltarquitectura.com\/wp-content\/uploads\/2025\/03\/foto-302-scaled.jpg 1707w\" sizes=\"100vw\" \/>\t\t\t<\/figure>\n\t\t\n\t\t<div class=\"wpz-member-body\">\n\t\t\t<h2 class=\"wpz-member-name\">Melissa L\u00f3pez Torres<\/h2>\n\t\t\t\n\t\t\t\t\t\t\t<div class=\"wpz-member-bio\">\n\t\t\t\t\t<p>Fundadora y CEO de MLT Arquitectura\nArquitecta <br>Universidad Nacional de Colombia<br>\nMaster en dise\u00f1o Interior \u2013 Esneca bussines school, Madrid<\/p>\n\t\t\t\t<\/div>\n\t\t\t\n\t\t\t\n\t\t\t\n\t\t\t\t\t<\/div>\n\t\t\t\t\t\t<\/div>\n\t\t\t\t<\/div>\n\t\t\t\t<div class=\"elementor-element elementor-element-047c352 elementor-widget elementor-widget-wpzoom-elementor-addons-team-members\" data-id=\"047c352\" data-element_type=\"widget\" data-e-type=\"widget\" data-widget_type=\"wpzoom-elementor-addons-team-members.default\">\n\t\t\t\t<div class=\"elementor-widget-container\">\n\t\t\t\t\t\n\t\t\t\t\t<figure class=\"wpz-member-figure\">\n\t\t\t\t<img decoding=\"async\" width=\"683\" height=\"1024\" src=\"https:\/\/mltarquitectura.com\/wp-content\/uploads\/2025\/03\/foto-305-683x1024.jpg\" class=\"elementor-animation-disable-animation attachment-large size-large wp-image-6868\" alt=\"\" srcset=\"https:\/\/mltarquitectura.com\/wp-content\/uploads\/2025\/03\/foto-305-683x1024.jpg 683w, https:\/\/mltarquitectura.com\/wp-content\/uploads\/2025\/03\/foto-305-200x300.jpg 200w, https:\/\/mltarquitectura.com\/wp-content\/uploads\/2025\/03\/foto-305-2000x3000.jpg 2000w, https:\/\/mltarquitectura.com\/wp-content\/uploads\/2025\/03\/foto-305-scaled-8x12.jpg 8w, https:\/\/mltarquitectura.com\/wp-content\/uploads\/2025\/03\/foto-305-scaled.jpg 1707w\" sizes=\"100vw\" \/>\t\t\t<\/figure>\n\t\t\n\t\t<div class=\"wpz-member-body\">\n\t\t\t<h2 class=\"wpz-member-name\">Sara Jim\u00e9nez Quintero<\/h2>\n\t\t\t\n\t\t\t\t\t\t\t<div class=\"wpz-member-bio\">\n\t\t\t\t\t<p>Architect \u2013 National University of Colombia<\/p>\n\t\t\t\t<\/div>\n\t\t\t\n\t\t\t\n\t\t\t\n\t\t\t\t\t<\/div>\n\t\t\t\t\t\t<\/div>\n\t\t\t\t<\/div>\n\t\t\t\t<div class=\"elementor-element elementor-element-45e59f4 elementor-widget elementor-widget-wpzoom-elementor-addons-team-members\" data-id=\"45e59f4\" data-element_type=\"widget\" data-e-type=\"widget\" data-widget_type=\"wpzoom-elementor-addons-team-members.default\">\n\t\t\t\t<div class=\"elementor-widget-container\">\n\t\t\t\t\t\n\t\t\t\t\t<figure class=\"wpz-member-figure\">\n\t\t\t\t<img loading=\"lazy\" decoding=\"async\" width=\"683\" height=\"1024\" src=\"https:\/\/mltarquitectura.com\/wp-content\/uploads\/2025\/03\/JUANPA-683x1024.png\" class=\"elementor-animation-disable-animation attachment-large size-large wp-image-7482\" alt=\"\" srcset=\"https:\/\/mltarquitectura.com\/wp-content\/uploads\/2025\/03\/JUANPA-683x1024.png 683w, https:\/\/mltarquitectura.com\/wp-content\/uploads\/2025\/03\/JUANPA-200x300.png 200w, https:\/\/mltarquitectura.com\/wp-content\/uploads\/2025\/03\/JUANPA-2000x3000.png 2000w, https:\/\/mltarquitectura.com\/wp-content\/uploads\/2025\/03\/JUANPA-8x12.png 8w\" sizes=\"100vw\" \/>\t\t\t<\/figure>\n\t\t\n\t\t<div class=\"wpz-member-body\">\n\t\t\t<h2 class=\"wpz-member-name\">Juan Pablo Rivillas Sanch\u00e9z<\/h2>\n\t\t\t\n\t\t\t\t\t\t\t<div class=\"wpz-member-bio\">\n\t\t\t\t\t<p>Architect \u2013 National University of Colombia<\/p>\n\t\t\t\t<\/div>\n\t\t\t\n\t\t\t\n\t\t\t\n\t\t\t\t\t<\/div>\n\t\t\t\t\t\t<\/div>\n\t\t\t\t<\/div>\n\t\t\t\t\t<\/div>\n\t\t\t\t<\/div>\n\t\t\t\t<\/div>","protected":false},"excerpt":{"rendered":"<p>NOSOTROS Somos un estudio de arquitectura y dise\u00f1o interior con presencia en Medell\u00edn y el Oriente Antioque\u00f1o. MLT nace en el 2020, con el prop\u00f3sito de hacer de los espacios del sector salud lugares m\u00e1s amenos y acogedores para los usuarios y personal m\u00e9dico; a partir de la acogida por los usuarios tuvimos la oportunidad &hellip; <\/p>\n<p class=\"link-more\"><a href=\"https:\/\/mltarquitectura.com\/en\/nosotros\/\" class=\"more-link\">Read more<span class=\"screen-reader-text\"> &#8220;Nosotros&#8221;<\/span><\/a><\/p>","protected":false},"author":1,"featured_media":0,"parent":0,"menu_order":0,"comment_status":"closed","ping_status":"closed","template":"page-templates\/full-width-transparent.php","meta":{"footnotes":""},"class_list":["post-6860","page","type-page","status-publish","hentry"],"featured_media_urls":[],"_links":{"self":[{"href":"https:\/\/mltarquitectura.com\/en\/wp-json\/wp\/v2\/pages\/6860","targetHints":{"allow":["GET"]}}],"collection":[{"href":"https:\/\/mltarquitectura.com\/en\/wp-json\/wp\/v2\/pages"}],"about":[{"href":"https:\/\/mltarquitectura.com\/en\/wp-json\/wp\/v2\/types\/page"}],"author":[{"embeddable":true,"href":"https:\/\/mltarquitectura.com\/en\/wp-json\/wp\/v2\/users\/1"}],"replies":[{"embeddable":true,"href":"https:\/\/mltarquitectura.com\/en\/wp-json\/wp\/v2\/comments?post=6860"}],"version-history":[{"count":16,"href":"https:\/\/mltarquitectura.com\/en\/wp-json\/wp\/v2\/pages\/6860\/revisions"}],"predecessor-version":[{"id":7826,"href":"https:\/\/mltarquitectura.com\/en\/wp-json\/wp\/v2\/pages\/6860\/revisions\/7826"}],"wp:attachment":[{"href":"https:\/\/mltarquitectura.com\/en\/wp-json\/wp\/v2\/media?parent=6860"}],"curies":[{"name":"wp","href":"https:\/\/api.w.org\/{rel}","templated":true}]}}